{"id":2038,"date":"2024-01-29T13:58:26","date_gmt":"2024-01-29T12:58:26","guid":{"rendered":"https:\/\/tech-lp.eu\/test\/?page_id=2038"},"modified":"2024-02-21T10:28:48","modified_gmt":"2024-02-21T09:28:48","slug":"wegbeschreibung","status":"publish","type":"page","link":"https:\/\/tech-lp.eu\/?page_id=2038","title":{"rendered":"Wanderempfehlung"},"content":{"rendered":"\n<div class=\"wp-block-buttons alignfull is-content-justification-center is-layout-flex wp-container-core-buttons-is-layout-d9cd0f1e wp-block-buttons-is-layout-flex\">\n<div class=\"wp-block-button has-custom-font-size has-small-font-size\"><a class=\"wp-block-button__link has-background wp-element-button\" href=\"https:\/\/www.merano-suedtirol.it\/de\/schenna\/aktiv-erholen\/wandern-bergsteigen\/wanderwege\/121153997-ueber-den-almenweg-zur-mahd-alm.html\" style=\"background-color:#9dd0df\">vom Tourismusb\u00fcro in Schenna<\/a><\/div>\n<\/div>\n\n\n<style>.kt-info-box2038_2aba09-86 .kt-blocks-info-box-link-wrap{border-top:5px solid var(--global-palette9, #ffffff);border-right:5px solid var(--global-palette9, #ffffff);border-bottom:5px solid var(--global-palette9, #ffffff);border-left:5px solid var(--global-palette9, #ffffff);border-top-left-radius:20px;border-top-right-radius:20px;border-bottom-right-radius:20px;border-bottom-left-radius:20px;background:rgba(157,208,223,0.36);padding-top:var(--global-kb-spacing-sm, 1.5rem);padding-right:var(--global-kb-spacing-sm, 1.5rem);padding-bottom:var(--global-kb-spacing-sm, 1.5rem);padding-left:var(--global-kb-spacing-sm, 1.5rem);margin-top:50px;}.kt-info-box2038_2aba09-86 .kt-info-svg-icon, .kt-info-box2038_2aba09-86 .kt-info-svg-icon-flip, .kt-info-box2038_2aba09-86 .kt-blocks-info-box-number{font-size:50px;}.kt-info-box2038_2aba09-86 .kt-blocks-info-box-media{background:#ffffff;border-color:var(--global-palette7, #eeeeee);border-radius:200px;border-top-width:0px;border-right-width:0px;border-bottom-width:0px;border-left-width:0px;padding-top:20px;padding-right:20px;padding-bottom:20px;padding-left:20px;}.kt-info-box2038_2aba09-86 .kt-blocks-info-box-media-container{margin-top:-75px;margin-right:0px;margin-bottom:20px;margin-left:0px;}.kt-info-box2038_2aba09-86 .kt-blocks-info-box-media .kadence-info-box-image-intrisic img{border-radius:200px;}.kt-info-box2038_2aba09-86 .kt-infobox-textcontent h2.kt-blocks-info-box-title{padding-top:0px;padding-right:0px;padding-bottom:0px;padding-left:0px;margin-top:5px;margin-right:0px;margin-bottom:10px;margin-left:0px;}.kt-info-box2038_2aba09-86 .kt-blocks-info-box-learnmore{background:transparent;border-width:0px 0px 0px 0px;padding-top:4px;padding-right:8px;padding-bottom:4px;padding-left:8px;margin:10px 0px 10px 0px;}@media all and (max-width: 1024px){.kt-info-box2038_2aba09-86 .kt-blocks-info-box-link-wrap{border-top:5px solid var(--global-palette9, #ffffff);border-right:5px solid var(--global-palette9, #ffffff);border-bottom:5px solid var(--global-palette9, #ffffff);border-left:5px solid var(--global-palette9, #ffffff);}}@media all and (max-width: 767px){.kt-info-box2038_2aba09-86 .kt-blocks-info-box-link-wrap{border-top:5px solid var(--global-palette9, #ffffff);border-right:5px solid var(--global-palette9, #ffffff);border-bottom:5px solid var(--global-palette9, #ffffff);border-left:5px solid var(--global-palette9, #ffffff);}}<\/style>\n<div class=\"wp-block-kadence-infobox kt-info-box2038_2aba09-86\"><span class=\"kt-blocks-info-box-link-wrap info-box-link kt-blocks-info-box-media-align-top kt-info-halign-center\"><div class=\"kt-blocks-info-box-media-container\"><div class=\"kt-blocks-info-box-media kt-info-media-animate-none\"><div class=\"kadence-info-box-icon-container kt-info-icon-animate-none\"><div class=\"kadence-info-box-icon-inner-container\"><span class=\"kb-svg-icon-wrap kb-svg-icon-fe_sun kt-info-svg-icon\"><svg viewBox=\"0 0 24 24\"  fill=\"none\" stroke=\"currentColor\" stroke-width=\"1\" stroke-linecap=\"round\" stroke-linejoin=\"round\" xmlns=\"http:\/\/www.w3.org\/2000\/svg\"  aria-hidden=\"true\"><circle cx=\"12\" cy=\"12\" r=\"5\"\/><line x1=\"12\" y1=\"1\" x2=\"12\" y2=\"3\"\/><line x1=\"12\" y1=\"21\" x2=\"12\" y2=\"23\"\/><line x1=\"4.22\" y1=\"4.22\" x2=\"5.64\" y2=\"5.64\"\/><line x1=\"18.36\" y1=\"18.36\" x2=\"19.78\" y2=\"19.78\"\/><line x1=\"1\" y1=\"12\" x2=\"3\" y2=\"12\"\/><line x1=\"21\" y1=\"12\" x2=\"23\" y2=\"12\"\/><line x1=\"4.22\" y1=\"19.78\" x2=\"5.64\" y2=\"18.36\"\/><line x1=\"18.36\" y1=\"5.64\" x2=\"19.78\" y2=\"4.22\"\/><\/svg><\/span><\/div><\/div><\/div><\/div><div class=\"kt-infobox-textcontent\"><h2 class=\"kt-blocks-info-box-title\">Almenweg<\/h2><p class=\"kt-blocks-info-box-text\">Infos zur Tour<br\/><br\/>Dauer 4:50 h<br\/>L\u00e4nge: 14,309 km<br\/>Schwierigkeit: leicht<br\/>H\u00f6henmeter bergauf: 1000 hm<br\/>H\u00f6henmeter bergab: 1000 hm<br\/>H\u00f6chster Punkt: 2138 m<\/p><\/div><\/span><\/div>\n\n\n\n<div class=\"wp-block-group\"><div class=\"wp-block-group__inner-container is-layout-constrained wp-block-group-is-layout-constrained\">\n<div class=\"wp-block-columns is-layout-flex wp-container-core-columns-is-layout-9d6595d7 wp-block-columns-is-layout-flex\">\n<div class=\"wp-block-column is-layout-flow wp-block-column-is-layout-flow\" style=\"flex-basis:100%\"><\/div>\n<\/div>\n<\/div><\/div>\n\n\n\n<p><strong>Allgemeine Beschreibung<\/strong> <\/p>\n\n\n\n<p>Der Almenweg im Wandergebiet Tall\/Hirzer erstreckt sich von Videgg \u00fcber die Stafell Alm bis zur Mahd Alm und verl\u00e4uft gro\u00dfteils oberhalb der Waldgrenze. Somit bietet dieser Wanderweg vor allem bei sch\u00f6nem Wetter unvergessliche Ausblicke auf die umliegende Bergwelt. Besonders lohnenswert ist dieser Weg zur Zeit der Almrosenbl\u00fcte (ca. Ende Juni), zumal sich an den S\u00fcdh\u00e4ngen des Almenweges ausgedehnte Almrosenfelder finden.<\/p>\n\n\n\n<!--more Mehr erfahren-->\n\n\n\n<p><strong>Wegbeschreibung<\/strong><\/p>\n\n\n\n<p>Ausgangspunkt dieser Wanderung ist die Bergstation der Seilbahn Verdins-Tall, wobei zun\u00e4chst der Anstieg \u00fcber einen Forstweg (Weg Nr. 2A und 2B) zur Stafell H\u00fctte erfolgt, wof\u00fcr ca. 1,5 Stunden eingeplant werden sollten. Alternativ bietet sich der Sessellift Tall-Grube an. In Stafell angelangt, f\u00fchrt der Weg weiter bis zur Sonntagsweide (Weg Nr. 7) und setzt sich von dort recht eben bis zur Tallner Alm fort. Immer am Fu\u00dfe des Hirzer-Massivs und inmitten der Almrosen f\u00fchrt der Wegverlauf schlie\u00dflich \u00fcber Rotmoos weiter bis zur Mahd Alm (Weg. Nr. 2B).<\/p>\n\n\n\n<p>F\u00fcr den R\u00fcckweg bietet sich der Fu\u00dfweg \u00fcber Gompm und Hochwies nach Prenn (Weg Nr. 4). Von dort ben\u00f6tigt man noch ca. 20 Minuten zur\u00fcck zur Bergstation der Seilbahn Verdins-Tall. Nach Verdins zur\u00fcckgekehrt, gelangt man mit dem Linienbus bequem nach Schenna und Meran zur\u00fcck.<\/p>\n\n\n\n<p><strong>Sicherheitshinweise<\/strong><\/p>\n\n\n\n<p>Bitte informiere dich vorab jeweils \u00fcber die aktuellen Wetterbedingungen sowie die Wegbeschaffenheit vor Ort.<\/p>\n\n\n\n<p><strong>Ausr\u00fcstung<\/strong><\/p>\n\n\n\n<p>Wanderschuhe<\/p>\n","protected":false},"excerpt":{"rendered":"<p>Allgemeine Beschreibung Der Almenweg im Wandergebiet Tall\/Hirzer erstreckt sich von Videgg \u00fcber die Stafell Alm bis zur Mahd Alm und verl\u00e4uft gro\u00dfteils oberhalb der Waldgrenze. Somit bietet dieser Wanderweg vor allem bei sch\u00f6nem Wetter unvergessliche Ausblicke auf die umliegende Bergwelt. Besonders lohnenswert ist dieser Weg zur Zeit der Almrosenbl\u00fcte (ca. Ende Juni), zumal sich an&#8230;<\/p>\n","protected":false},"author":2,"featured_media":0,"parent":0,"menu_order":0,"comment_status":"closed","ping_status":"closed","template":"","meta":{"_monsterinsights_skip_tracking":false,"_monsterinsights_sitenote_active":false,"_monsterinsights_sitenote_note":"","_monsterinsights_sitenote_category":0,"_kadence_starter_templates_imported_post":false,"_kad_post_transparent":"","_kad_post_title":"","_kad_post_layout":"","_kad_post_sidebar_id":"","_kad_post_content_style":"","_kad_post_vertical_padding":"","_kad_post_feature":"","_kad_post_feature_position":"","_kad_post_header":false,"_kad_post_footer":false,"footnotes":""},"class_list":["post-2038","page","type-page","status-publish","hentry"],"_links":{"self":[{"href":"https:\/\/tech-lp.eu\/index.php?rest_route=\/wp\/v2\/pages\/2038","targetHints":{"allow":["GET"]}}],"collection":[{"href":"https:\/\/tech-lp.eu\/index.php?rest_route=\/wp\/v2\/pages"}],"about":[{"href":"https:\/\/tech-lp.eu\/index.php?rest_route=\/wp\/v2\/types\/page"}],"author":[{"embeddable":true,"href":"https:\/\/tech-lp.eu\/index.php?rest_route=\/wp\/v2\/users\/2"}],"replies":[{"embeddable":true,"href":"https:\/\/tech-lp.eu\/index.php?rest_route=%2Fwp%2Fv2%2Fcomments&post=2038"}],"version-history":[{"count":17,"href":"https:\/\/tech-lp.eu\/index.php?rest_route=\/wp\/v2\/pages\/2038\/revisions"}],"predecessor-version":[{"id":2084,"href":"https:\/\/tech-lp.eu\/index.php?rest_route=\/wp\/v2\/pages\/2038\/revisions\/2084"}],"wp:attachment":[{"href":"https:\/\/tech-lp.eu\/index.php?rest_route=%2Fwp%2Fv2%2Fmedia&parent=2038"}],"curies":[{"name":"wp","href":"https:\/\/api.w.org\/{rel}","templated":true}]}}