{"id":318,"date":"2021-12-03T07:08:10","date_gmt":"2021-12-03T07:08:10","guid":{"rendered":"https:\/\/stage.startertemplatecloud.com\/g23\/?page_id=318"},"modified":"2024-04-28T12:20:39","modified_gmt":"2024-04-28T11:20:39","slug":"about","status":"publish","type":"page","link":"https:\/\/tech-lp.eu\/?page_id=318","title":{"rendered":"\u00dcber uns"},"content":{"rendered":"<style>.kb-row-layout-wrap.wp-block-kadence-rowlayout.kb-row-layout-id318_34ac76-03{margin-top:0px;margin-bottom:0px;}.kb-row-layout-id318_34ac76-03 > .kt-row-column-wrap{align-content:start;}:where(.kb-row-layout-id318_34ac76-03 > .kt-row-column-wrap) > .wp-block-kadence-column{justify-content:start;}.kb-row-layout-id318_34ac76-03 > .kt-row-column-wrap{column-gap:var(--global-kb-gap-none, 0 );row-gap:var(--global-kb-gap-none, 0 );max-width:1140px;margin-left:auto;margin-right:auto;padding-top:80px;padding-right:0px;padding-bottom:80px;padding-left:0px;grid-template-columns:repeat(2, minmax(0, 1fr));}.kb-row-layout-id318_34ac76-03 > .kt-row-layout-overlay{opacity:0.30;}@media all and (max-width: 1024px){.kb-row-layout-id318_34ac76-03 > .kt-row-column-wrap{padding-top:70px;padding-right:20px;padding-bottom:60px;padding-left:20px;grid-template-columns:minmax(0, 1fr);}}@media all and (max-width: 767px){.kb-row-layout-id318_34ac76-03 > .kt-row-column-wrap{padding-top:60px;padding-right:5px;padding-bottom:40px;padding-left:5px;grid-template-columns:minmax(0, 1fr);}}<\/style><div class=\"kb-row-layout-wrap kb-row-layout-id318_34ac76-03 alignnone has-theme-palette8-background-color kt-row-has-bg wp-block-kadence-rowlayout\"><div class=\"kt-row-column-wrap kt-has-2-columns kt-row-layout-equal kt-tab-layout-row kt-mobile-layout-row kt-row-valign-top\">\n<style>.kadence-column318_e93ab8-5e, .kt-inside-inner-col > .kadence-column318_e93ab8-5e:not(.specificity){margin-top:0px;margin-right:90px;margin-bottom:0px;margin-left:0px;}.kadence-column318_e93ab8-5e > .kt-inside-inner-col{padding-top:0px;padding-right:10px;padding-bottom:10px;padding-left:10px;}.kadence-column318_e93ab8-5e > .kt-inside-inner-col,.kadence-column318_e93ab8-5e > .kt-inside-inner-col:before{border-top-left-radius:0px;border-top-right-radius:0px;border-bottom-right-radius:0px;border-bottom-left-radius:0px;}.kadence-column318_e93ab8-5e > .kt-inside-inner-col{column-gap:var(--global-kb-gap-sm, 1rem);}.kadence-column318_e93ab8-5e > .kt-inside-inner-col{flex-direction:column;}.kadence-column318_e93ab8-5e > .kt-inside-inner-col > .aligncenter{width:100%;}.kadence-column318_e93ab8-5e > .kt-inside-inner-col:before{opacity:0.3;}.kadence-column318_e93ab8-5e{position:relative;}@media all and (max-width: 1024px){.kadence-column318_e93ab8-5e, .kt-inside-inner-col > .kadence-column318_e93ab8-5e:not(.specificity){margin-top:0px;margin-right:0px;margin-bottom:0px;margin-left:0px;}}@media all and (max-width: 1024px){.kadence-column318_e93ab8-5e > .kt-inside-inner-col{flex-direction:column;}}@media all and (max-width: 767px){.kadence-column318_e93ab8-5e > .kt-inside-inner-col{flex-direction:column;}}<\/style>\n<div class=\"wp-block-kadence-column kadence-column318_e93ab8-5e inner-column-1\"><div class=\"kt-inside-inner-col\">\n<div class=\"wp-block-columns are-vertically-aligned-top is-layout-flex wp-container-core-columns-is-layout-9d6595d7 wp-block-columns-is-layout-flex\">\n<div class=\"wp-block-column is-vertically-aligned-top is-layout-flow wp-block-column-is-layout-flow\" style=\"flex-basis:100%\"><style>.wp-block-kadence-advancedheading.kt-adv-heading318_aa89f5-47, .wp-block-kadence-advancedheading.kt-adv-heading318_aa89f5-47[data-kb-block=\"kb-adv-heading318_aa89f5-47\"]{margin-top:0px;margin-right:0px;margin-bottom:48px;margin-left:0px;font-size:var(--global-kb-font-size-xl, 3rem);line-height:1em;font-style:normal;}.wp-block-kadence-advancedheading.kt-adv-heading318_aa89f5-47 mark, .wp-block-kadence-advancedheading.kt-adv-heading318_aa89f5-47[data-kb-block=\"kb-adv-heading318_aa89f5-47\"] mark{font-style:normal;color:#f76a0c;padding-top:0px;padding-right:0px;padding-bottom:0px;padding-left:0px;}@media all and (max-width: 1024px){.wp-block-kadence-advancedheading.kt-adv-heading318_aa89f5-47, .wp-block-kadence-advancedheading.kt-adv-heading318_aa89f5-47[data-kb-block=\"kb-adv-heading318_aa89f5-47\"]{text-align:center!important;}}@media all and (max-width: 767px){.wp-block-kadence-advancedheading.kt-adv-heading318_aa89f5-47, .wp-block-kadence-advancedheading.kt-adv-heading318_aa89f5-47[data-kb-block=\"kb-adv-heading318_aa89f5-47\"]{font-size:38px;}}<\/style>\n<h1 class=\"kt-adv-heading318_aa89f5-47 wp-block-kadence-advancedheading\" data-kb-block=\"kb-adv-heading318_aa89f5-47\">Gr\u00fc\u00df\u2019 Gott!<\/h1>\n<\/div>\n<\/div>\n\n\n\n<div class=\"wp-block-group\"><div class=\"wp-block-group__inner-container is-layout-constrained wp-block-group-is-layout-constrained\">\n<h6 class=\"wp-block-heading\">Wir, die Familie Mair, freuen uns sehr Euch auf unserer Alm bewirtschaften zu d\u00fcrfen!<\/h6>\n\n\n\n<h6 class=\"wp-block-heading\">Bei uns findet Ihr traditionelle S\u00fcdtiroler Almengerichte, wie z. B. Speckkn\u00f6del, Spiegeleier mit Speck und Gulasch. Au\u00dferdem selbstgemachten Apfelstrudel und Buchweizentorte, sowie nat\u00fcrlich Kaiserschmarren.<\/h6>\n\n\n\n<h6 class=\"wp-block-heading\">Das alles, und noch einiges mehr, k\u00f6nnt ihr mit einem atemberaubenden Ausblick auf die umliegenden Berge und einer famili\u00e4ren Athmosph\u00e4re genie\u00dfen.<\/h6>\n<\/div><\/div>\n\n\n\n<p><\/p>\n<\/div><\/div>\n\n\n<style>.kadence-column318_7782a8-bc > .kt-inside-inner-col{padding-top:10px;padding-right:10px;padding-bottom:10px;padding-left:10px;}.kadence-column318_7782a8-bc > .kt-inside-inner-col,.kadence-column318_7782a8-bc > .kt-inside-inner-col:before{border-top-left-radius:0px;border-top-right-radius:0px;border-bottom-right-radius:0px;border-bottom-left-radius:0px;}.kadence-column318_7782a8-bc > .kt-inside-inner-col{column-gap:var(--global-kb-gap-sm, 1rem);}.kadence-column318_7782a8-bc > .kt-inside-inner-col{flex-direction:column;}.kadence-column318_7782a8-bc > .kt-inside-inner-col > .aligncenter{width:100%;}.kadence-column318_7782a8-bc > .kt-inside-inner-col:before{opacity:0.3;}.kadence-column318_7782a8-bc{position:relative;}@media all and (max-width: 1024px){.kadence-column318_7782a8-bc, .kt-inside-inner-col > .kadence-column318_7782a8-bc:not(.specificity){margin-top:60px;margin-right:0px;margin-bottom:0px;margin-left:0px;}}@media all and (max-width: 1024px){.kadence-column318_7782a8-bc > .kt-inside-inner-col{flex-direction:column;}}@media all and (max-width: 767px){.kadence-column318_7782a8-bc, .kt-inside-inner-col > .kadence-column318_7782a8-bc:not(.specificity){margin-top:50px;margin-right:0px;margin-bottom:0px;margin-left:0px;}.kadence-column318_7782a8-bc > .kt-inside-inner-col{flex-direction:column;}}<\/style>\n<div class=\"wp-block-kadence-column kadence-column318_7782a8-bc inner-column-2\"><div class=\"kt-inside-inner-col\"><style>.kb-row-layout-wrap.wp-block-kadence-rowlayout.kb-row-layout-id318_efece4-4c{margin-top:0px;margin-bottom:0px;}.kb-row-layout-id318_efece4-4c > .kt-row-column-wrap{align-content:start;}:where(.kb-row-layout-id318_efece4-4c > .kt-row-column-wrap) > .wp-block-kadence-column{justify-content:start;}.kb-row-layout-id318_efece4-4c > .kt-row-column-wrap{column-gap:var(--global-kb-gap-none, 0 );row-gap:var(--global-kb-gap-none, 0 );max-width:1140px;margin-left:auto;margin-right:auto;padding-top:0px;padding-right:0px;padding-bottom:0px;padding-left:0px;grid-template-columns:minmax(0, 1fr);}.kb-row-layout-id318_efece4-4c > .kt-row-layout-overlay{opacity:0.30;}.kb-row-layout-id318_efece4-4c .kt-row-layout-bottom-sep{height:65px;}.kb-row-layout-id318_efece4-4c .kt-row-layout-bottom-sep svg{width:100%;}.kb-row-layout-id318_efece4-4c .kt-row-layout-bottom-sep svg{fill:var(--global-palette3, #1A202C)!important;}@media all and (max-width: 1024px){.kb-row-layout-id318_efece4-4c > .kt-row-column-wrap{grid-template-columns:minmax(0, 1fr);}}@media all and (max-width: 1024px){.kb-row-layout-id318_efece4-4c .kt-row-layout-bottom-sep{height:px;}}@media all and (max-width: 1024px){.kb-row-layout-id318_efece4-4c .kt-row-layout-bottom-sep svg{width:%;}}@media all and (max-width: 767px){.kb-row-layout-id318_efece4-4c > .kt-row-column-wrap{grid-template-columns:minmax(0, 1fr);}.kb-row-layout-id318_efece4-4c .kt-row-layout-bottom-sep{height:px;}.kb-row-layout-id318_efece4-4c .kt-row-layout-bottom-sep svg{width:%;}}<\/style><div class=\"kb-row-layout-wrap kb-row-layout-id318_efece4-4c alignnone wp-block-kadence-rowlayout\"><div class=\"kt-row-column-wrap kt-has-1-columns kt-row-layout-equal kt-tab-layout-inherit kt-mobile-layout-row kt-row-valign-top\">\n<style>.kadence-column318_50c037-95 > .kt-inside-inner-col,.kadence-column318_50c037-95 > .kt-inside-inner-col:before{border-top-left-radius:0px;border-top-right-radius:0px;border-bottom-right-radius:0px;border-bottom-left-radius:0px;}.kadence-column318_50c037-95 > .kt-inside-inner-col{column-gap:var(--global-kb-gap-sm, 1rem);}.kadence-column318_50c037-95 > .kt-inside-inner-col{flex-direction:column;}.kadence-column318_50c037-95 > .kt-inside-inner-col > .aligncenter{width:100%;}.kadence-column318_50c037-95 > .kt-inside-inner-col:before{opacity:0.3;}.kadence-column318_50c037-95{position:relative;}@media all and (max-width: 1024px){.kadence-column318_50c037-95 > .kt-inside-inner-col{flex-direction:column;}}@media all and (max-width: 767px){.kadence-column318_50c037-95 > .kt-inside-inner-col{flex-direction:column;}}<\/style>\n<div class=\"wp-block-kadence-column kadence-column318_50c037-95 inner-column-1\"><div class=\"kt-inside-inner-col\"><style>.kt-info-box318_1fa743-7a .kt-blocks-info-box-link-wrap{border-top-left-radius:0px;border-top-right-radius:0px;border-bottom-right-radius:0px;border-bottom-left-radius:0px;background:#f2f2f2;padding-top:0px;padding-right:0px;padding-bottom:0px;padding-left:0px;}.kt-info-box318_1fa743-7a .kt-blocks-info-box-link-wrap:hover{background:#f2f2f2;}.kt-info-box318_1fa743-7a .kadence-info-box-image-inner-intrisic-container{max-width:800px;}.kt-info-box318_1fa743-7a .kadence-info-box-image-inner-intrisic-container .kadence-info-box-image-intrisic{padding-bottom:133.33%;width:1920px;height:0px;max-width:100%;}.kt-info-box318_1fa743-7a .kt-info-svg-icon, .kt-info-box318_1fa743-7a .kt-info-svg-icon-flip, .kt-info-box318_1fa743-7a .kt-blocks-info-box-number{font-size:50px;}.kt-info-box318_1fa743-7a .kt-blocks-info-box-media{color:#444444;background:transparent;border-color:#444444;border-top-width:0px;border-right-width:0px;border-bottom-width:0px;border-left-width:0px;padding-top:0px;padding-right:0px;padding-bottom:0px;padding-left:0px;}.kt-info-box318_1fa743-7a .kt-blocks-info-box-media-container{margin-top:0px;margin-right:0px;margin-bottom:0px;margin-left:0px;}.kt-info-box318_1fa743-7a .kt-blocks-info-box-link-wrap:hover .kt-blocks-info-box-media{color:#444444;background:transparent;border-color:#444444;}.kt-info-box318_1fa743-7a .kt-infobox-textcontent h2.kt-blocks-info-box-title{padding-top:0px;padding-right:0px;padding-bottom:0px;padding-left:0px;margin-top:5px;margin-right:0px;margin-bottom:10px;margin-left:0px;}.kt-info-box318_1fa743-7a .kt-infobox-textcontent .kt-blocks-info-box-text{color:#555555;}.kt-info-box318_1fa743-7a .kt-blocks-info-box-learnmore{background:transparent;border-color:#555555;border-width:0px 0px 0px 0px;padding-top:4px;padding-right:8px;padding-bottom:4px;padding-left:8px;margin:10px 0px 10px 0px;}.kt-info-box318_1fa743-7a .kt-blocks-info-box-link-wrap:hover .kt-blocks-info-box-learnmore{color:#ffffff;background:#444444;border-color:#444444;}<\/style>\n<div class=\"wp-block-kadence-infobox kt-info-box318_1fa743-7a\"><span class=\"kt-blocks-info-box-link-wrap info-box-link kt-blocks-info-box-media-align-top kt-info-halign-center\"><div class=\"kt-blocks-info-box-media-container\"><div class=\"kt-blocks-info-box-media kt-info-media-animate-none\"><div class=\"kadence-info-box-image-inner-intrisic-container\"><div class=\"kadence-info-box-image-intrisic kt-info-animate-none kb-info-box-image-ratio kb-info-box-image-ratio-port34\"><div class=\"kadence-info-box-image-inner-intrisic\"><img loading=\"lazy\" decoding=\"async\" src=\"https:\/\/tech-lp.eu\/test\/wp-content\/uploads\/2024\/03\/image0-scaled.jpeg\" alt=\"\" width=\"1920\" height=\"2560\" class=\"kt-info-box-image wp-image-2181\" srcset=\"https:\/\/tech-lp.eu\/wp-content\/uploads\/2024\/03\/image0-scaled.jpeg 1920w, https:\/\/tech-lp.eu\/wp-content\/uploads\/2024\/03\/image0-225x300.jpeg 225w, https:\/\/tech-lp.eu\/wp-content\/uploads\/2024\/03\/image0-768x1024.jpeg 768w, https:\/\/tech-lp.eu\/wp-content\/uploads\/2024\/03\/image0-1152x1536.jpeg 1152w, https:\/\/tech-lp.eu\/wp-content\/uploads\/2024\/03\/image0-1536x2048.jpeg 1536w\" sizes=\"auto, (max-width: 1920px) 100vw, 1920px\" \/><\/div><\/div><\/div><\/div><\/div><div class=\"kt-infobox-textcontent\"><\/div><\/span><\/div>\n<\/div><\/div>\n\n<\/div><\/div>\n\n<style>.kb-row-layout-wrap.wp-block-kadence-rowlayout.kb-row-layout-id318_c9759f-52{margin-top:-250px;margin-bottom:0px;}.kb-row-layout-id318_c9759f-52 > .kt-row-column-wrap{align-content:start;}:where(.kb-row-layout-id318_c9759f-52 > .kt-row-column-wrap) > .wp-block-kadence-column{justify-content:start;}.kb-row-layout-id318_c9759f-52 > .kt-row-column-wrap{column-gap:var(--global-kb-gap-none, 0 );row-gap:var(--global-kb-gap-none, 0 );max-width:1140px;margin-left:auto;margin-right:auto;padding-top:0px;padding-right:0px;padding-bottom:0px;padding-left:0px;grid-template-columns:minmax(0, 1fr);}.kb-row-layout-id318_c9759f-52{border-top-left-radius:0px;border-top-right-radius:0px;border-bottom-right-radius:0px;border-bottom-left-radius:0px;}.kb-row-layout-id318_c9759f-52 > .kt-row-layout-overlay{opacity:0.30;}.kb-row-layout-id318_c9759f-52 .kt-row-layout-bottom-sep{height:92px;}.kb-row-layout-id318_c9759f-52 .kt-row-layout-bottom-sep svg{width:100%;}.kb-row-layout-id318_c9759f-52 .kt-row-layout-bottom-sep svg{fill:var(--global-palette3, #1A202C)!important;}@media all and (max-width: 1024px){.kb-row-layout-id318_c9759f-52 > .kt-row-column-wrap{grid-template-columns:minmax(0, 1fr);}}@media all and (max-width: 1024px){.kb-row-layout-id318_c9759f-52 .kt-row-layout-bottom-sep{height:px;}}@media all and (max-width: 1024px){.kb-row-layout-id318_c9759f-52 .kt-row-layout-bottom-sep svg{width:%;}}@media all and (max-width: 767px){.kb-row-layout-wrap.wp-block-kadence-rowlayout.kb-row-layout-id318_c9759f-52{margin-top:0px;margin-bottom:0px;}.kb-row-layout-id318_c9759f-52 > .kt-row-column-wrap{grid-template-columns:minmax(0, 1fr);}.kb-row-layout-id318_c9759f-52 .kt-row-layout-bottom-sep{height:px;}.kb-row-layout-id318_c9759f-52 .kt-row-layout-bottom-sep svg{width:%;}}<\/style><div class=\"kb-row-layout-wrap kb-row-layout-id318_c9759f-52 alignnone wp-block-kadence-rowlayout\"><div class=\"kt-row-column-wrap kt-has-1-columns kt-row-layout-equal kt-tab-layout-inherit kt-mobile-layout-row kt-row-valign-top\">\n<style>.kadence-column318_0cd96a-b3 > .kt-inside-inner-col,.kadence-column318_0cd96a-b3 > .kt-inside-inner-col:before{border-top-left-radius:0px;border-top-right-radius:0px;border-bottom-right-radius:0px;border-bottom-left-radius:0px;}.kadence-column318_0cd96a-b3 > .kt-inside-inner-col{column-gap:var(--global-kb-gap-sm, 1rem);}.kadence-column318_0cd96a-b3 > .kt-inside-inner-col{flex-direction:column;}.kadence-column318_0cd96a-b3 > .kt-inside-inner-col > .aligncenter{width:100%;}.kadence-column318_0cd96a-b3 > .kt-inside-inner-col:before{opacity:0.3;}.kadence-column318_0cd96a-b3{position:relative;}@media all and (max-width: 1024px){.kadence-column318_0cd96a-b3 > .kt-inside-inner-col{flex-direction:column;}}@media all and (max-width: 767px){.kadence-column318_0cd96a-b3 > .kt-inside-inner-col{flex-direction:column;}}<\/style>\n<div class=\"wp-block-kadence-column kadence-column318_0cd96a-b3\"><div class=\"kt-inside-inner-col\"><\/div><\/div>\n\n<\/div><\/div><\/div><\/div>\n\n<\/div><\/div>\n\n<style>.kb-row-layout-wrap.wp-block-kadence-rowlayout.kb-row-layout-id318_3cf4e0-57{margin-top:0px;margin-bottom:0px;}.kb-row-layout-id318_3cf4e0-57 > .kt-row-column-wrap{align-content:start;}:where(.kb-row-layout-id318_3cf4e0-57 > .kt-row-column-wrap) > .wp-block-kadence-column{justify-content:start;}.kb-row-layout-id318_3cf4e0-57 > .kt-row-column-wrap{column-gap:var(--global-kb-gap-none, 0 );row-gap:var(--global-kb-gap-none, 0 );max-width:1140px;margin-left:auto;margin-right:auto;padding-top:100px;padding-right:20px;padding-bottom:40px;padding-left:20px;grid-template-columns:minmax(0, 1fr);}.kb-row-layout-id318_3cf4e0-57 > .kt-row-layout-overlay{opacity:0.30;}@media all and (max-width: 1024px){.kb-row-layout-id318_3cf4e0-57 > .kt-row-column-wrap{padding-top:30px;padding-right:30px;padding-bottom:60px;padding-left:30px;grid-template-columns:minmax(0, 1fr);}}@media all and (max-width: 767px){.kb-row-layout-id318_3cf4e0-57 > .kt-row-column-wrap{padding-top:60px;padding-right:15px;padding-bottom:30px;padding-left:15px;grid-template-columns:minmax(0, 1fr);}}<\/style><div class=\"kb-row-layout-wrap kb-row-layout-id318_3cf4e0-57 alignnone wp-block-kadence-rowlayout\"><div class=\"kt-row-column-wrap kt-has-1-columns kt-row-layout-equal kt-tab-layout-inherit kt-mobile-layout-row kt-row-valign-top\">\n<style>.kadence-column318_144bf3-a2 > .kt-inside-inner-col,.kadence-column318_144bf3-a2 > .kt-inside-inner-col:before{border-top-left-radius:0px;border-top-right-radius:0px;border-bottom-right-radius:0px;border-bottom-left-radius:0px;}.kadence-column318_144bf3-a2 > .kt-inside-inner-col{column-gap:var(--global-kb-gap-sm, 1rem);}.kadence-column318_144bf3-a2 > .kt-inside-inner-col{flex-direction:column;}.kadence-column318_144bf3-a2 > .kt-inside-inner-col > .aligncenter{width:100%;}.kadence-column318_144bf3-a2 > .kt-inside-inner-col:before{opacity:0.3;}.kadence-column318_144bf3-a2{position:relative;}@media all and (max-width: 1024px){.kadence-column318_144bf3-a2 > .kt-inside-inner-col{flex-direction:column;}}@media all and (max-width: 767px){.kadence-column318_144bf3-a2 > .kt-inside-inner-col{flex-direction:column;}}<\/style>\n<div class=\"wp-block-kadence-column kadence-column318_144bf3-a2\"><div class=\"kt-inside-inner-col\"><\/div><\/div>\n\n<\/div><\/div>","protected":false},"excerpt":{"rendered":"<p>Gr\u00fc\u00df\u2019 Gott! Wir, die Familie Mair, freuen uns sehr Euch auf unserer Alm bewirtschaften zu d\u00fcrfen! Bei uns findet Ihr traditionelle S\u00fcdtiroler Almengerichte, wie z. B. Speckkn\u00f6del, Spiegeleier mit Speck und Gulasch. Au\u00dferdem selbstgemachten Apfelstrudel und Buchweizentorte, sowie nat\u00fcrlich Kaiserschmarren. Das alles, und noch einiges mehr, k\u00f6nnt ihr mit einem atemberaubenden Ausblick auf die umliegenden&#8230;<\/p>\n","protected":false},"author":1,"featured_media":0,"parent":0,"menu_order":0,"comment_status":"closed","ping_status":"closed","template":"","meta":{"_monsterinsights_skip_tracking":false,"_monsterinsights_sitenote_active":false,"_monsterinsights_sitenote_note":"","_monsterinsights_sitenote_category":0,"_kadence_starter_templates_imported_post":true,"_kad_post_transparent":"","_kad_post_title":"hide","_kad_post_layout":"fullwidth","_kad_post_sidebar_id":"","_kad_post_content_style":"unboxed","_kad_post_vertical_padding":"hide","_kad_post_feature":"hide","_kad_post_feature_position":"","_kad_post_header":false,"_kad_post_footer":false,"footnotes":""},"class_list":["post-318","page","type-page","status-publish","hentry"],"_links":{"self":[{"href":"https:\/\/tech-lp.eu\/index.php?rest_route=\/wp\/v2\/pages\/318","targetHints":{"allow":["GET"]}}],"collection":[{"href":"https:\/\/tech-lp.eu\/index.php?rest_route=\/wp\/v2\/pages"}],"about":[{"href":"https:\/\/tech-lp.eu\/index.php?rest_route=\/wp\/v2\/types\/page"}],"author":[{"embeddable":true,"href":"https:\/\/tech-lp.eu\/index.php?rest_route=\/wp\/v2\/users\/1"}],"replies":[{"embeddable":true,"href":"https:\/\/tech-lp.eu\/index.php?rest_route=%2Fwp%2Fv2%2Fcomments&post=318"}],"version-history":[{"count":7,"href":"https:\/\/tech-lp.eu\/index.php?rest_route=\/wp\/v2\/pages\/318\/revisions"}],"predecessor-version":[{"id":2317,"href":"https:\/\/tech-lp.eu\/index.php?rest_route=\/wp\/v2\/pages\/318\/revisions\/2317"}],"wp:attachment":[{"href":"https:\/\/tech-lp.eu\/index.php?rest_route=%2Fwp%2Fv2%2Fmedia&parent=318"}],"curies":[{"name":"wp","href":"https:\/\/api.w.org\/{rel}","templated":true}]}}